{"id":2697,"date":"2026-03-17T15:57:08","date_gmt":"2026-03-17T19:57:08","guid":{"rendered":"https:\/\/dressforsu1stg.wpenginepowered.com\/?page_id=2697"},"modified":"2026-03-24T08:58:39","modified_gmt":"2026-03-24T12:58:39","slug":"programme-aider-les-femmes-maintenant","status":"publish","type":"page","link":"https:\/\/dressforsuccesscanadafoundation.org\/fr\/programme-aider-les-femmes-maintenant\/","title":{"rendered":"Mise \u00e0 jour : Programme Aider les femmes maintenant"},"content":{"rendered":"\n<section id=\"centered-content-block_0478cd64df61267e127ab09bba02492d\"\n\t\tclass=\"orange-block centered-content-block has-bg-color-image bg-color-primary\"\n\t> \n\t\n\t<div class=\"container\">\n\t\t<div class=\"row\">\n\t\t\t<div class=\"col-12 block-title-wrap\n                     no-block-title\">\n\n\t\t\t\t\t\t\t\t\t\t<h2 class=\"screen-reader-text\">\n\t\t\t\t\t\tContenu\t\t\t\t\t\t<\/h2>\n\t\t\t\t\t\t\n\t\t\t<\/div>\n\t\t<\/div>\n\t<\/div>\n\n\t<div class=\"container\">\n\t\t<div class=\"row\">\n\t\t\t<div class=\"col-12 content-column\">\n\t\t\t\t<div class=\"content-container\">\n\n\t\t\t\t\t<h3 style=\"max-width: 1000px\">Le programme Helping Women Now sera interrompu \u00e0 compter du 31 mars 2026.<\/h3>\n<p style=\"max-width: 1000px\">Nous sommes fiers de l\u2019impact significatif que ce programme a eu : soutenir les femmes \u00e0 travers le Canada gr\u00e2ce \u00e0 un fort engagement des clients et des b\u00e9n\u00e9voles. Cependant, en raison des contraintes op\u00e9rationnelles et financi\u00e8res actuelles, nous ne pouvons pas continuer \u00e0 ex\u00e9cuter le programme pour l\u2019instant.<\/p>\n<p style=\"max-width: 1000px\">Nous adressons nos sinc\u00e8res remerciements aux clients, b\u00e9n\u00e9voles et supporteurs qui ont rendu ce programme possible et contribu\u00e9 \u00e0 son succ\u00e8s.<\/p>\n<p style=\"max-width: 1000px\">Nous comprenons que ce changement peut \u00eatre inattendu, et nous restons d\u00e9termin\u00e9s \u00e0 aider les femmes \u00e0 acc\u00e9der au soutien.<\/p>\n<h6 style=\"max-width: 1000px\">Vous pouvez toujours contacter un Membres du r\u00e9seau canadien Dress for Success pr\u00e8s de chez vous pour des services de style, un soutien professionnel et des ressources en comp\u00e9tences de vie:<br \/>\n<a href=\"https:\/\/dressforsuccesscanadafoundation.org\/fr\/nos-affilies\/\" target=\"_blank\" rel=\"noopener\">Membres du r\u00e9seau canadien &#8211; Dress for Success Canada Foundation<\/a><\/h6>\n\n\t\t\t\t<\/div>\n\t\t\t<\/div>\n\t\t<\/div>\n\n\t\t\n\t<\/div>\n<\/section>\n","protected":false},"excerpt":{"rendered":"","protected":false},"author":1,"featured_media":2744,"parent":0,"menu_order":9,"comment_status":"closed","ping_status":"closed","template":"","meta":{"_acf_changed":true,"footnotes":"","_links_to":"","_links_to_target":""},"class_list":["post-2697","page","type-page","status-publish","has-post-thumbnail","hentry"],"acf":[],"yoast_head":"<!-- This site is optimized with the Yoast SEO plugin v27.5 - https:\/\/yoast.com\/product\/yoast-seo-wordpress\/ -->\n<title>Mise \u00e0 jour : Programme Aider les femmes maintenant - Dress for Success Canada Foundation<\/title>\n<meta name=\"description\" content=\"Dress for Success\u00ae, c&#039;est bien plus que fournir des v\u00eatements - nous croyons qu&#039;en cr\u00e9ant un r\u00e9seau de soutien, nous pouvons avoir un impact durable dans la vie d&#039;une personne.\" \/>\n<meta name=\"robots\" content=\"index, follow, max-snippet:-1, max-image-preview:large, max-video-preview:-1\" \/>\n<link rel=\"canonical\" href=\"https:\/\/dressforsuccesscanadafoundation.org\/fr\/programme-aider-les-femmes-maintenant\/\" \/>\n<meta property=\"og:locale\" content=\"fr_CA\" \/>\n<meta property=\"og:type\" content=\"article\" \/>\n<meta property=\"og:title\" content=\"Mise \u00e0 jour : Programme Aider les femmes maintenant - Dress for Success Canada Foundation\" \/>\n<meta property=\"og:description\" content=\"Dress for Success\u00ae, c&#039;est bien plus que fournir des v\u00eatements - nous croyons qu&#039;en cr\u00e9ant un r\u00e9seau de soutien, nous pouvons avoir un impact durable dans la vie d&#039;une personne.\" \/>\n<meta property=\"og:url\" content=\"https:\/\/dressforsuccesscanadafoundation.org\/fr\/programme-aider-les-femmes-maintenant\/\" \/>\n<meta property=\"og:site_name\" content=\"Dress for Success Canada Foundation\" \/>\n<meta property=\"article:modified_time\" content=\"2026-03-24T12:58:39+00:00\" \/>\n<meta property=\"og:image\" content=\"https:\/\/dressforsuccesscanadafoundation.org\/wp-content\/uploads\/2026\/03\/HWN_Banner_2026.webp\" \/>\n\t<meta property=\"og:image:width\" content=\"2048\" \/>\n\t<meta property=\"og:image:height\" content=\"1367\" \/>\n\t<meta property=\"og:image:type\" content=\"image\/webp\" \/>\n<meta name=\"twitter:card\" content=\"summary_large_image\" \/>\n<meta name=\"twitter:label1\" content=\"Estimation du temps de lecture\" \/>\n\t<meta name=\"twitter:data1\" content=\"1 minute\" \/>\n<script type=\"application\/ld+json\" class=\"yoast-schema-graph\">{\"@context\":\"https:\\\/\\\/schema.org\",\"@graph\":[{\"@type\":\"WebPage\",\"@id\":\"https:\\\/\\\/dressforsuccesscanadafoundation.org\\\/fr\\\/programme-aider-les-femmes-maintenant\\\/\",\"url\":\"https:\\\/\\\/dressforsuccesscanadafoundation.org\\\/fr\\\/programme-aider-les-femmes-maintenant\\\/\",\"name\":\"Mise \u00e0 jour : Programme Aider les femmes maintenant - Dress for Success Canada Foundation\",\"isPartOf\":{\"@id\":\"https:\\\/\\\/dressforsuccesscanadafoundation.org\\\/fr\\\/#website\"},\"primaryImageOfPage\":{\"@id\":\"https:\\\/\\\/dressforsuccesscanadafoundation.org\\\/fr\\\/programme-aider-les-femmes-maintenant\\\/#primaryimage\"},\"image\":{\"@id\":\"https:\\\/\\\/dressforsuccesscanadafoundation.org\\\/fr\\\/programme-aider-les-femmes-maintenant\\\/#primaryimage\"},\"thumbnailUrl\":\"https:\\\/\\\/dressforsuccesscanadafoundation.org\\\/wp-content\\\/uploads\\\/2026\\\/03\\\/HWN_Banner_2026.webp\",\"datePublished\":\"2026-03-17T19:57:08+00:00\",\"dateModified\":\"2026-03-24T12:58:39+00:00\",\"description\":\"Dress for Success\u00ae, c'est bien plus que fournir des v\u00eatements - nous croyons qu'en cr\u00e9ant un r\u00e9seau de soutien, nous pouvons avoir un impact durable dans la vie d'une personne.\",\"breadcrumb\":{\"@id\":\"https:\\\/\\\/dressforsuccesscanadafoundation.org\\\/fr\\\/programme-aider-les-femmes-maintenant\\\/#breadcrumb\"},\"inLanguage\":\"fr-CA\",\"potentialAction\":[{\"@type\":\"ReadAction\",\"target\":[\"https:\\\/\\\/dressforsuccesscanadafoundation.org\\\/fr\\\/programme-aider-les-femmes-maintenant\\\/\"]}]},{\"@type\":\"ImageObject\",\"inLanguage\":\"fr-CA\",\"@id\":\"https:\\\/\\\/dressforsuccesscanadafoundation.org\\\/fr\\\/programme-aider-les-femmes-maintenant\\\/#primaryimage\",\"url\":\"https:\\\/\\\/dressforsuccesscanadafoundation.org\\\/wp-content\\\/uploads\\\/2026\\\/03\\\/HWN_Banner_2026.webp\",\"contentUrl\":\"https:\\\/\\\/dressforsuccesscanadafoundation.org\\\/wp-content\\\/uploads\\\/2026\\\/03\\\/HWN_Banner_2026.webp\",\"width\":2048,\"height\":1367},{\"@type\":\"BreadcrumbList\",\"@id\":\"https:\\\/\\\/dressforsuccesscanadafoundation.org\\\/fr\\\/programme-aider-les-femmes-maintenant\\\/#breadcrumb\",\"itemListElement\":[{\"@type\":\"ListItem\",\"position\":1,\"name\":\"Home\",\"item\":\"https:\\\/\\\/dressforsuccesscanadafoundation.org\\\/fr\\\/\"},{\"@type\":\"ListItem\",\"position\":2,\"name\":\"Mise \u00e0 jour : Programme Aider les femmes maintenant\"}]},{\"@type\":\"WebSite\",\"@id\":\"https:\\\/\\\/dressforsuccesscanadafoundation.org\\\/fr\\\/#website\",\"url\":\"https:\\\/\\\/dressforsuccesscanadafoundation.org\\\/fr\\\/\",\"name\":\"Dress for Success Canada Foundation\",\"description\":\"\",\"potentialAction\":[{\"@type\":\"SearchAction\",\"target\":{\"@type\":\"EntryPoint\",\"urlTemplate\":\"https:\\\/\\\/dressforsuccesscanadafoundation.org\\\/fr\\\/?s={search_term_string}\"},\"query-input\":{\"@type\":\"PropertyValueSpecification\",\"valueRequired\":true,\"valueName\":\"search_term_string\"}}],\"inLanguage\":\"fr-CA\"}]}<\/script>\n<!-- \/ Yoast SEO plugin. -->","yoast_head_json":{"title":"Mise \u00e0 jour : Programme Aider les femmes maintenant - Dress for Success Canada Foundation","description":"Dress for Success\u00ae, c'est bien plus que fournir des v\u00eatements - nous croyons qu'en cr\u00e9ant un r\u00e9seau de soutien, nous pouvons avoir un impact durable dans la vie d'une personne.","robots":{"index":"index","follow":"follow","max-snippet":"max-snippet:-1","max-image-preview":"max-image-preview:large","max-video-preview":"max-video-preview:-1"},"canonical":"https:\/\/dressforsuccesscanadafoundation.org\/fr\/programme-aider-les-femmes-maintenant\/","og_locale":"fr_CA","og_type":"article","og_title":"Mise \u00e0 jour : Programme Aider les femmes maintenant - Dress for Success Canada Foundation","og_description":"Dress for Success\u00ae, c'est bien plus que fournir des v\u00eatements - nous croyons qu'en cr\u00e9ant un r\u00e9seau de soutien, nous pouvons avoir un impact durable dans la vie d'une personne.","og_url":"https:\/\/dressforsuccesscanadafoundation.org\/fr\/programme-aider-les-femmes-maintenant\/","og_site_name":"Dress for Success Canada Foundation","article_modified_time":"2026-03-24T12:58:39+00:00","og_image":[{"width":2048,"height":1367,"url":"https:\/\/dressforsuccesscanadafoundation.org\/wp-content\/uploads\/2026\/03\/HWN_Banner_2026.webp","type":"image\/webp"}],"twitter_card":"summary_large_image","twitter_misc":{"Estimation du temps de lecture":"1 minute"},"schema":{"@context":"https:\/\/schema.org","@graph":[{"@type":"WebPage","@id":"https:\/\/dressforsuccesscanadafoundation.org\/fr\/programme-aider-les-femmes-maintenant\/","url":"https:\/\/dressforsuccesscanadafoundation.org\/fr\/programme-aider-les-femmes-maintenant\/","name":"Mise \u00e0 jour : Programme Aider les femmes maintenant - Dress for Success Canada Foundation","isPartOf":{"@id":"https:\/\/dressforsuccesscanadafoundation.org\/fr\/#website"},"primaryImageOfPage":{"@id":"https:\/\/dressforsuccesscanadafoundation.org\/fr\/programme-aider-les-femmes-maintenant\/#primaryimage"},"image":{"@id":"https:\/\/dressforsuccesscanadafoundation.org\/fr\/programme-aider-les-femmes-maintenant\/#primaryimage"},"thumbnailUrl":"https:\/\/dressforsuccesscanadafoundation.org\/wp-content\/uploads\/2026\/03\/HWN_Banner_2026.webp","datePublished":"2026-03-17T19:57:08+00:00","dateModified":"2026-03-24T12:58:39+00:00","description":"Dress for Success\u00ae, c'est bien plus que fournir des v\u00eatements - nous croyons qu'en cr\u00e9ant un r\u00e9seau de soutien, nous pouvons avoir un impact durable dans la vie d'une personne.","breadcrumb":{"@id":"https:\/\/dressforsuccesscanadafoundation.org\/fr\/programme-aider-les-femmes-maintenant\/#breadcrumb"},"inLanguage":"fr-CA","potentialAction":[{"@type":"ReadAction","target":["https:\/\/dressforsuccesscanadafoundation.org\/fr\/programme-aider-les-femmes-maintenant\/"]}]},{"@type":"ImageObject","inLanguage":"fr-CA","@id":"https:\/\/dressforsuccesscanadafoundation.org\/fr\/programme-aider-les-femmes-maintenant\/#primaryimage","url":"https:\/\/dressforsuccesscanadafoundation.org\/wp-content\/uploads\/2026\/03\/HWN_Banner_2026.webp","contentUrl":"https:\/\/dressforsuccesscanadafoundation.org\/wp-content\/uploads\/2026\/03\/HWN_Banner_2026.webp","width":2048,"height":1367},{"@type":"BreadcrumbList","@id":"https:\/\/dressforsuccesscanadafoundation.org\/fr\/programme-aider-les-femmes-maintenant\/#breadcrumb","itemListElement":[{"@type":"ListItem","position":1,"name":"Home","item":"https:\/\/dressforsuccesscanadafoundation.org\/fr\/"},{"@type":"ListItem","position":2,"name":"Mise \u00e0 jour : Programme Aider les femmes maintenant"}]},{"@type":"WebSite","@id":"https:\/\/dressforsuccesscanadafoundation.org\/fr\/#website","url":"https:\/\/dressforsuccesscanadafoundation.org\/fr\/","name":"Dress for Success Canada Foundation","description":"","potentialAction":[{"@type":"SearchAction","target":{"@type":"EntryPoint","urlTemplate":"https:\/\/dressforsuccesscanadafoundation.org\/fr\/?s={search_term_string}"},"query-input":{"@type":"PropertyValueSpecification","valueRequired":true,"valueName":"search_term_string"}}],"inLanguage":"fr-CA"}]}},"_links":{"self":[{"href":"https:\/\/dressforsuccesscanadafoundation.org\/fr\/wp-json\/wp\/v2\/pages\/2697","targetHints":{"allow":["GET"]}}],"collection":[{"href":"https:\/\/dressforsuccesscanadafoundation.org\/fr\/wp-json\/wp\/v2\/pages"}],"about":[{"href":"https:\/\/dressforsuccesscanadafoundation.org\/fr\/wp-json\/wp\/v2\/types\/page"}],"author":[{"embeddable":true,"href":"https:\/\/dressforsuccesscanadafoundation.org\/fr\/wp-json\/wp\/v2\/users\/1"}],"replies":[{"embeddable":true,"href":"https:\/\/dressforsuccesscanadafoundation.org\/fr\/wp-json\/wp\/v2\/comments?post=2697"}],"version-history":[{"count":0,"href":"https:\/\/dressforsuccesscanadafoundation.org\/fr\/wp-json\/wp\/v2\/pages\/2697\/revisions"}],"wp:featuredmedia":[{"embeddable":true,"href":"https:\/\/dressforsuccesscanadafoundation.org\/fr\/wp-json\/wp\/v2\/media\/2744"}],"wp:attachment":[{"href":"https:\/\/dressforsuccesscanadafoundation.org\/fr\/wp-json\/wp\/v2\/media?parent=2697"}],"curies":[{"name":"wp","href":"https:\/\/api.w.org\/{rel}","templated":true}]}}