{"id":2035,"date":"2023-11-23T19:53:53","date_gmt":"2023-11-24T00:53:53","guid":{"rendered":"https:\/\/dressforsuccesscanadafoundation.org\/confidentialite\/"},"modified":"2026-03-24T15:27:28","modified_gmt":"2026-03-24T19:27:28","slug":"confidentialite","status":"publish","type":"page","link":"https:\/\/dressforsuccesscanadafoundation.org\/fr\/confidentialite\/","title":{"rendered":"Confidentialit\u00e9"},"content":{"rendered":"\n<section id=\"centered-content-block_30d14fa836fc6547fb972b5ed7326603\"\n\t\tclass=\"orange-block centered-content-block\"\n\t> \n\t\n\t<div class=\"container\">\n\t\t<div class=\"row\">\n\t\t\t<div class=\"col-12 block-title-wrap\n                     no-block-title\">\n\n\t\t\t\t\t\t\t\t\t\t<h2 class=\"screen-reader-text\">\n\t\t\t\t\t\tContenu\t\t\t\t\t\t<\/h2>\n\t\t\t\t\t\t\n\t\t\t<\/div>\n\t\t<\/div>\n\t<\/div>\n\n\t<div class=\"container\">\n\t\t<div class=\"row\">\n\t\t\t<div class=\"col-12 content-column\">\n\t\t\t\t<div class=\"content-container\">\n\n\t\t\t\t\t<h3>Parmi les organismes de bienfaisance enregistr\u00e9s les plus reconnus au Canada en soutien \u00e0 l&rsquo;\u00e9quit\u00e9 des genres, \u00e0 mobilit\u00e9 \u00e9conomique et au d\u00e9veloppement de la main-d&rsquo;\u0153uvre pour les femmes, Dress for Success\u00ae Fondation du Canada s&rsquo;engage \u00e0 prot\u00e9ger la vie priv\u00e9e, la confidentialit\u00e9, l&rsquo;exactitude et la s\u00e9curit\u00e9 de toute information personnelle fournie.<\/h3>\n<p>Toutes les informations collect\u00e9es sont strictement confidentielles. \u00c0 cet \u00e9gard, nous nous engageons \u00e0 respecter ce qui suit :<\/p>\n<ul>\n<li>Nous ne vous demandons pas d&rsquo;informations personnelles \u00e0 moins que nous en ayons r\u00e9ellement besoin.<\/li>\n<li>Nous ne partageons pas vos informations personnelles avec quiconque, sauf pour respecter la loi, d\u00e9velopper nos produits ou prot\u00e9ger nos droits.<\/li>\n<li>Nous ne stockons pas d&rsquo;informations personnelles sur nos serveurs sauf si cela est n\u00e9cessaire pour le fonctionnement continu de l&rsquo;un de nos services.<\/li>\n<li>Nous reconnaissons et respectons votre droit de contr\u00f4ler vos informations personnelles.<\/li>\n<\/ul>\n<p>Dress for Success\u00ae Fondation du Canada est enti\u00e8rement conforme \u00e0 la Loi sur la protection des renseignements personnels et les documents \u00e9lectroniques (LPRPDE) ainsi qu&rsquo;\u00e0 la l\u00e9gislation provinciale\/territoriale pertinente concernant, entre autres, la libert\u00e9 d&rsquo;information et la protection des renseignements personnels.<\/p>\n<p>Dress for Success\u00ae Fondation du Canada se r\u00e9serve le droit d&rsquo;apporter des modifications \u00e0 notre politique au besoin. Si nous apportons des modifications substantielles \u00e0 la mani\u00e8re dont nous utilisons vos informations personnelles, nous vous en informerons en publiant un avis pr\u00e9\u00e9minent sur nos pages.<\/p>\n<p>Si vous avez des questions sur la suppression ou la correction des informations personnelles que vous avez partag\u00e9es avec nous, veuillez contacter notre \u00e9quipe de support \u00e0 <a href=\"mailto:privacy@dfscanadafoundation.org\">privacy@dfscanadafoundation.org<\/a>.<\/p>\n<p>Dress for Success\u00ae Fondation du Canada g\u00e8re deux sites web, notamment dressforsuccesscanadafoundation.org, helpingwomennow.ca et tous les sous-domaines de dressforsuccesscanadafoundation.org (collectivement, \u00ab sites web \u00bb). La politique de Dress for Success\u00ae Fondation du Canada est de respecter votre vie priv\u00e9e en ce qui concerne les informations que nous pouvons collecter lors de l&rsquo;exploitation de nos sites web.<\/p>\n<p>Tous nos sites Web sont prot\u00e9g\u00e9s par des certificats SSL pour garantir la s\u00e9curit\u00e9 des donn\u00e9es. Les informations que nous collectons sur ces sites Web peuvent \u00eatre partag\u00e9es avec nos Membres du r\u00e9seau canadien locaux de Dress for Success\u00ae (\u00ab Membres du r\u00e9seau canadien \u00bb). Ce que nous disons ci-dessous s\u2019applique \u00e0 la fois pour Dress for Success\u00ae Fondation du Canada et pour ses Membres du r\u00e9seau canadien.<\/p>\n<h3>Visiteurs du site Web :<\/h3>\n<p>Comme la plupart des op\u00e9rateurs de sites Web, Dress for Success\u00ae Fondation du Canada collecte des informations que les navigateurs Web et les serveurs rendent g\u00e9n\u00e9ralement disponibles, telles que le type de navigateur, les pr\u00e9f\u00e9rences linguistiques, le site de provenance et la date et l&rsquo;heure de chaque demande de visiteur. La collecte de ces informations techniques par Dress for Success\u00ae Fondation du Canada vise \u00e0 mieux comprendre comment les visiteurs utilisent son site web.<\/p>\n<p>Dress for Success\u00ae Fondation du Canada collecte \u00e9galement des informations personnelles qui peuvent vous identifier directement ou indirectement, telles que votre adresse IP, votre nom complet et votre courriel si vous cr\u00e9ez un compte aupr\u00e8s de nous. Dress for Success\u00ae Fondation du Canada ne divulgue les adresses IP des utilisateurs connect\u00e9s que dans les m\u00eames circonstances o\u00f9 elle utilise et divulgue les informations personnelles comme d\u00e9crit ci-dessous.<\/p>\n<p>Collecte et utilisation des informations personnelles : Certains visiteurs des sites web de Dress for Success\u00ae Fondation du Canada choisissent d&rsquo;interagir avec Dress for Success\u00ae Fondation du Canada de mani\u00e8re qui n\u00e9cessite que celle-ci recueille des informations personnelles. La quantit\u00e9 et le type d&rsquo;informations que Dress for Success\u00ae Fondation du Canada recueille d\u00e9pendent de la nature de l&rsquo;interaction. Par exemple, nous demandons aux visiteurs qui s&rsquo;inscrivent pour un compte sur dressforsuccesscanadafoundation.org ou helpingwomennow.ca de fournir leur nom complet, leur courriel et d&rsquo;autres informations pertinentes afin de fournir\/obtenir un soutien.<\/p>\n<p>Ceux qui effectuent des transactions avec Dress for Success\u00ae Fondation du Canada \u2013 en faisant un don, par exemple \u2013 sont invit\u00e9s \u00e0 fournir des informations suppl\u00e9mentaires, telles que les informations de carte de cr\u00e9dit n\u00e9cessaires pour traiter les dons via un service tiers. Dans chaque cas, Dress for Success\u00ae Fondation du Canada ne collecte de telles informations que dans la mesure o\u00f9 cela est n\u00e9cessaire ou appropri\u00e9 pour r\u00e9aliser le but du visiteur avec Dress for Success\u00ae Fondation du Canada.<\/p>\n<p>Dress for Success\u00ae Fondation du Canada ne divulgue pas d&rsquo;informations personnelles sauf tel que d\u00e9crit ci-dessous. Les visiteurs peuvent toujours refuser de fournir des informations personnelles, sachant que cela peut les emp\u00eacher de participer \u00e0 certaines activit\u00e9s li\u00e9es au site Web.<\/p>\n<p>Lorsque vous partagez vos informations avec nous ou faites un don, nous supposons que cela signifie que vous souhaitez rester engag\u00e9 avec notre organisation.<\/p>\n<h3>Statistiques agr\u00e9g\u00e9es :<\/h3>\n<p>Dress for Success\u00ae Fondation du Canada peut collecter des statistiques sur le comportement des visiteurs de ses sites Web. Par exemple, elle peut surveiller la page la plus populaire sur dressforsuccesscanadafoundation.org ou helpingwomennow.ca. Dress for Success\u00ae Fondation du Canada peut afficher publiquement ces informations agr\u00e9g\u00e9es ou les fournir \u00e0 d&rsquo;autres. Cependant, Dress for Success\u00ae Fondation du Canada ne divulgue pas d&rsquo;informations personnelles sauf tel que d\u00e9crit ci-dessous.<\/p>\n<h3>Protection de certaines informations personnelles :<\/h3>\n<p>Dress for Success\u00ae Fondation du Canada ne divulgue des informations personnelles qu&rsquo;\u00e0 ses employ\u00e9s, entrepreneurs et organisations affili\u00e9es qui (i) ont besoin d&rsquo;acc\u00e9der \u00e0 ces informations pour les traiter au nom de Dress for Success\u00ae Fondation du Canada ou pour fournir des services disponibles sur les sites web de Dress for Success\u00ae Fondation du Canada, et (ii) maintiennent des mesures de confidentialit\u00e9 et de s\u00e9curit\u00e9 qui refl\u00e8tent l&rsquo;importance de vos informations personnelles.<\/p>\n<p>Dress for Success\u00ae Fondation du Canada ne louera ni ne vendra jamais d&rsquo;informations personnelles \u00e0 quiconque. En dehors de ses employ\u00e9s, entrepreneurs et organisations affili\u00e9es, tels que d\u00e9crits ci-dessus, Dress for Success\u00ae Fondation du Canada ne divulgue des informations personnelles qu\u2019en r\u00e9ponse \u00e0 une assignation, une ordonnance du tribunal ou une autre demande gouvernementale, ou lorsque Dress for Success\u00ae Fondation du Canada croit de bonne foi que la divulgation est raisonnablement n\u00e9cessaire pour prot\u00e9ger les biens ou les droits de Dress for Success\u00ae Fondation du Canada, des tiers ou du public en g\u00e9n\u00e9ral.<\/p>\n<p>Si vous \u00eates un utilisateur enregistr\u00e9 de notre site web dressforsuccesscanadafoundation.org et\/ou helpingwomennow.ca et avez fourni votre courriel, Dress for Success\u00ae Fondation du Canada peut occasionnellement vous envoyer un courriel pour vous informer de nouvelles fonctionnalit\u00e9s, solliciter vos commentaires ou simplement vous tenir inform\u00e9 de ce qui se passe avec Dress for Success\u00ae Fondation du Canada et nos services. Si vous ne souhaitez pas recevoir ces courriels, veuillez nous contacter \u00e0 <a href=\"mailto:privacy@dfscanadafoundation.org\">privacy@dfscanadafoundation.org<\/a> ou cliquer sur le lien \u00ab se d\u00e9sabonner \u00bb dans nos courriels. Si vous nous envoyez une demande (par exemple via un courriel de service client ou via l&rsquo;un de nos m\u00e9canismes de retour d&rsquo;information), nous nous r\u00e9servons le droit de la publier afin de nous aider \u00e0 clarifier ou \u00e0 r\u00e9pondre \u00e0 votre demande ou \u00e0 aider d&rsquo;autres utilisateurs. Dress for Success\u00ae Fondation du Canada prend toutes les mesures raisonnables n\u00e9cessaires pour prot\u00e9ger contre l&rsquo;acc\u00e8s non autoris\u00e9, l&rsquo;utilisation, l&rsquo;alt\u00e9ration ou la destruction d&rsquo;informations personnelles. Tous les comptes d&rsquo;utilisateur du site Web sont prot\u00e9g\u00e9s par mot de passe ; seuls les utilisateurs ont acc\u00e8s \u00e0 leurs mots de passe individuels. Nos courriels, bases de donn\u00e9es et site Web sont crypt\u00e9s en SSL. Dress for Success\u00ae Fondation du Canada s&rsquo;efforce de prot\u00e9ger votre vie priv\u00e9e avec le plus grand soin. Nous vous encourageons \u00e0 nous contacter en cas de doute.<\/p>\n<h3>Transferts transfrontaliers :<\/h3>\n<p>Dress for Success\u00ae est un r\u00e9seau mondial. Toute information que vous partagez avec nous, ou que nous recueillons par ailleurs aupr\u00e8s de vous, est partag\u00e9e uniquement avec l&rsquo;Organisation affili\u00e9e locale aupr\u00e8s de laquelle vous vous inscrivez. Vos donn\u00e9es personnelles peuvent \u00eatre transf\u00e9r\u00e9es en dehors du pays dans lequel vous vivez. Les utilisateurs de l&rsquo;Union europ\u00e9enne doivent savoir que leurs donn\u00e9es seront transf\u00e9r\u00e9es vers des pays qui n&rsquo;ont pas \u00e9t\u00e9 jug\u00e9s comme offrant des garanties ad\u00e9quates en vertu du R\u00e8glement g\u00e9n\u00e9ral sur la protection des donn\u00e9es. L&rsquo;absence de garanties ad\u00e9quates signifie que l&rsquo;Union europ\u00e9enne n&rsquo;a pas d\u00e9termin\u00e9 que les pays vers lesquels vos donn\u00e9es sont transf\u00e9r\u00e9es offrent des protections ad\u00e9quates pour vos donn\u00e9es personnelles, y compris le droit d&rsquo;intenter des actions en justice pour des questions li\u00e9es \u00e0 la vie priv\u00e9e. Nous vous informerons que vos informations personnelles peuvent \u00eatre transf\u00e9r\u00e9es hors de l&rsquo;UE et nous sollicitons votre consentement avant de collecter toute information pouvant \u00eatre transf\u00e9r\u00e9e.<\/p>\n<h3>Cookies :<\/h3>\n<p>Un cookie est une cha\u00eene d&rsquo;informations qu&rsquo;un site web stocke sur l&rsquo;ordinateur d&rsquo;un visiteur et que le navigateur du visiteur fournit au site web chaque fois que le visiteur revient. Dress for Success\u00ae Fondation du Canada utilise des cookies pour aider \u00e0 identifier et suivre les visiteurs, leur utilisation des sites web de Dress for Success\u00ae Fondation du Canada et leurs pr\u00e9f\u00e9rences d&rsquo;acc\u00e8s au site. Les cookies de notre site web ne collectent pas d&rsquo;informations personnelles.<\/p>\n<p>Les visiteurs de Dress for Success\u00ae Fondation du Canada qui ne souhaitent pas avoir de cookies plac\u00e9s sur leurs ordinateurs devraient configurer leur navigateur pour refuser les cookies avant d&rsquo;utiliser les sites web de Dress for Success\u00ae Fondation du Canada, avec l&rsquo;inconv\u00e9nient que certaines fonctionnalit\u00e9s des sites web de Dress for Success\u00ae Fondation du Canada pourraient ne pas fonctionner correctement sans l&rsquo;aide de cookies.<\/p>\n<h3>Transferts d&rsquo;entreprise :<\/h3>\n<p>Si Dress for Success\u00ae Fondation du Canada, ou la quasi-totalit\u00e9 de ses actifs, \u00e9taient acquis, ou dans le cas improbable o\u00f9 Dress for Success\u00ae Fondation du Canada cesserait ses activit\u00e9s ou ferait faillite, les informations des utilisateurs seraient l&rsquo;un des actifs transf\u00e9r\u00e9s ou acquis par un tiers. Vous reconnaissez que de tels transferts peuvent se produire et que tout acqu\u00e9reur de Dress for Success\u00ae Fondation du Canada peut continuer \u00e0 utiliser vos informations personnelles comme indiqu\u00e9 dans cette politique.<\/p>\n<h3>Liens vers des tiers :<\/h3>\n<p>Nos sites web peuvent contenir des liens qui vous dirigent vers des sites web non contr\u00f4l\u00e9s ou affili\u00e9s \u00e0 Dress for Success\u00ae Fondation du Canada. Cette politique de confidentialit\u00e9 ne s&rsquo;applique pas aux liens externes, et vous devez savoir que les liens externes seront r\u00e9gis par les politiques de confidentialit\u00e9 de ces tiers.<\/p>\n<h3>Pour les r\u00e9sidents de l&rsquo;UE :<\/h3>\n<p>Cette politique de confidentialit\u00e9 s&rsquo;applique mondialement, quelle que soit la juridiction \u00e0 partir de laquelle nous recueillons des informations. Dress for Success\u00ae Fondation du Canada traite des informations personnelles lorsqu&rsquo;elles sont n\u00e9cessaires \u00e0 nos int\u00e9r\u00eats l\u00e9gitimes dans la promotion de notre mission et dans l&rsquo;engagement avec des membres de la communaut\u00e9, comme vous. Les informations que nous traitons nous permettent de nous connecter avec des b\u00e9n\u00e9voles, de coordonner les dons en nature et mon\u00e9taires, de rester en contact avec ceux qui partagent notre mission et de fournir une plateforme gr\u00e2ce \u00e0 laquelle nos utilisateurs peuvent participer \u00e0 la mission de Dress for Success\u00ae Fondation du Canada.<\/p>\n<p>Veuillez noter que nous avons mis en place des proc\u00e9dures pour traiter toute suspicion de violation de donn\u00e9es personnelles. Nous vous informerons, ainsi que toute autorit\u00e9 gouvernementale comp\u00e9tente, en cas de violation si nous sommes l\u00e9galement tenus de le faire. De plus, vous avez certains droits concernant vos informations personnelles en vertu du RGPD. Cela inclut :<\/p>\n<ul>\n<li>le droit de demander l&rsquo;acc\u00e8s \u00e0 vos informations personnelles et d&rsquo;obtenir une copie des informations que nous d\u00e9tenons \u00e0 votre sujet ;<\/li>\n<li>le droit de corriger vos informations personnelles que nous d\u00e9tenons si elles sont incompl\u00e8tes ou inexactes ;<\/li>\n<li>le droit de faire effacer vos informations personnelles s&rsquo;il n&rsquo;y a aucune raison valable pour que nous continuions \u00e0 les utiliser ou \u00e0 les conserver ;<\/li>\n<li>le droit de demander que vos informations personnelles ne soient utilis\u00e9es qu&rsquo; \u00e0 des fins restreints ;<\/li>\n<li>si la base l\u00e9gale du traitement de vos informations personnelles est bas\u00e9e sur soit nos int\u00e9r\u00eats l\u00e9gitimes, soit ceux d&rsquo;un tiers, le droit de vous opposer au traitement de vos informations personnelles ;<\/li>\n<li>le droit d&rsquo;exiger que certaines de vos informations personnelles vous soient transf\u00e9r\u00e9es ou \u00e0 un tiers ; et<\/li>\n<li>le droit de d\u00e9poser une plainte aupr\u00e8s de l&rsquo;autorit\u00e9 de protection des donn\u00e9es comp\u00e9tente dans votre juridiction (par exemple, le bureau du commissaire \u00e0 l&rsquo;information au Royaume-Uni).<\/li>\n<\/ul>\n<h3>Changements de la politique de confidentialit\u00e9 :<\/h3>\n<p>Bien que la plupart des changements soient susceptibles d&rsquo;\u00eatre mineurs, Dress for Success\u00ae Fondation du Canada peut modifier sa politique de confidentialit\u00e9 de temps \u00e0 autre, et ce, \u00e0 la seule discr\u00e9tion de Dress for Success\u00ae Fondation du Canada. Dress for Success\u00ae Fondation du Canada encourage les visiteurs \u00e0 v\u00e9rifier fr\u00e9quemment cette page pour tout changement de sa politique de confidentialit\u00e9. Votre utilisation continue de ce site apr\u00e8s tout changement dans cette politique de confidentialit\u00e9 constitue votre reconnaissance de ce changement.<\/p>\n<h3>Confidentialit\u00e9 des enfants :<\/h3>\n<p>Nos services ne s&rsquo;adressent pas aux personnes de moins de 18 ans. Nous ne collectons d\u00e9lib\u00e9r\u00e9ment pas d&rsquo;informations aupr\u00e8s des enfants de moins de 18 ans. Si nous avons connaissance qu&rsquo;un enfant de moins de 18 ans nous a fourni des informations personnelles sans le consentement parental, nous supprimerons ces informations de nos fichiers.<\/p>\n\n\t\t\t\t<\/div>\n\t\t\t<\/div>\n\t\t<\/div>\n\n\t\t\n\t<\/div>\n<\/section>\n","protected":false},"excerpt":{"rendered":"","protected":false},"author":1,"featured_media":2226,"parent":0,"menu_order":38,"comment_status":"closed","ping_status":"closed","template":"","meta":{"_acf_changed":true,"footnotes":"","_links_to":"","_links_to_target":""},"class_list":["post-2035","page","type-page","status-publish","has-post-thumbnail","hentry"],"acf":[],"yoast_head":"<!-- This site is optimized with the Yoast SEO plugin v27.3 - https:\/\/yoast.com\/product\/yoast-seo-wordpress\/ -->\n<title>Confidentialit\u00e9 - Dress for Success Canada Foundation<\/title>\n<meta name=\"robots\" content=\"index, follow, max-snippet:-1, max-image-preview:large, max-video-preview:-1\" \/>\n<link rel=\"canonical\" href=\"https:\/\/dressforsuccesscanadafoundation.org\/fr\/confidentialite\/\" \/>\n<meta property=\"og:locale\" content=\"fr_CA\" \/>\n<meta property=\"og:type\" content=\"article\" \/>\n<meta property=\"og:title\" content=\"Confidentialit\u00e9 - Dress for Success Canada Foundation\" \/>\n<meta property=\"og:url\" content=\"https:\/\/dressforsuccesscanadafoundation.org\/fr\/confidentialite\/\" \/>\n<meta property=\"og:site_name\" content=\"Dress for Success Canada Foundation\" \/>\n<meta property=\"article:modified_time\" content=\"2026-03-24T19:27:28+00:00\" \/>\n<meta property=\"og:image\" content=\"https:\/\/dressforsuccesscanadafoundation.org\/wp-content\/uploads\/2024\/02\/Privacy-Terms_Banner.webp\" \/>\n\t<meta property=\"og:image:width\" content=\"2048\" \/>\n\t<meta property=\"og:image:height\" content=\"1367\" \/>\n\t<meta property=\"og:image:type\" content=\"image\/webp\" \/>\n<meta name=\"twitter:card\" content=\"summary_large_image\" \/>\n<meta name=\"twitter:label1\" content=\"Estimation du temps de lecture\" \/>\n\t<meta name=\"twitter:data1\" content=\"1 minute\" \/>\n<script type=\"application\/ld+json\" class=\"yoast-schema-graph\">{\"@context\":\"https:\\\/\\\/schema.org\",\"@graph\":[{\"@type\":\"WebPage\",\"@id\":\"https:\\\/\\\/dressforsuccesscanadafoundation.org\\\/fr\\\/confidentialite\\\/\",\"url\":\"https:\\\/\\\/dressforsuccesscanadafoundation.org\\\/fr\\\/confidentialite\\\/\",\"name\":\"Confidentialit\u00e9 - Dress for Success Canada Foundation\",\"isPartOf\":{\"@id\":\"https:\\\/\\\/dressforsuccesscanadafoundation.org\\\/fr\\\/#website\"},\"primaryImageOfPage\":{\"@id\":\"https:\\\/\\\/dressforsuccesscanadafoundation.org\\\/fr\\\/confidentialite\\\/#primaryimage\"},\"image\":{\"@id\":\"https:\\\/\\\/dressforsuccesscanadafoundation.org\\\/fr\\\/confidentialite\\\/#primaryimage\"},\"thumbnailUrl\":\"https:\\\/\\\/dressforsuccesscanadafoundation.org\\\/wp-content\\\/uploads\\\/2024\\\/02\\\/Privacy-Terms_Banner.webp\",\"datePublished\":\"2023-11-24T00:53:53+00:00\",\"dateModified\":\"2026-03-24T19:27:28+00:00\",\"breadcrumb\":{\"@id\":\"https:\\\/\\\/dressforsuccesscanadafoundation.org\\\/fr\\\/confidentialite\\\/#breadcrumb\"},\"inLanguage\":\"fr-CA\",\"potentialAction\":[{\"@type\":\"ReadAction\",\"target\":[\"https:\\\/\\\/dressforsuccesscanadafoundation.org\\\/fr\\\/confidentialite\\\/\"]}]},{\"@type\":\"ImageObject\",\"inLanguage\":\"fr-CA\",\"@id\":\"https:\\\/\\\/dressforsuccesscanadafoundation.org\\\/fr\\\/confidentialite\\\/#primaryimage\",\"url\":\"https:\\\/\\\/dressforsuccesscanadafoundation.org\\\/wp-content\\\/uploads\\\/2024\\\/02\\\/Privacy-Terms_Banner.webp\",\"contentUrl\":\"https:\\\/\\\/dressforsuccesscanadafoundation.org\\\/wp-content\\\/uploads\\\/2024\\\/02\\\/Privacy-Terms_Banner.webp\",\"width\":2048,\"height\":1367},{\"@type\":\"BreadcrumbList\",\"@id\":\"https:\\\/\\\/dressforsuccesscanadafoundation.org\\\/fr\\\/confidentialite\\\/#breadcrumb\",\"itemListElement\":[{\"@type\":\"ListItem\",\"position\":1,\"name\":\"Home\",\"item\":\"https:\\\/\\\/dressforsuccesscanadafoundation.org\\\/fr\\\/\"},{\"@type\":\"ListItem\",\"position\":2,\"name\":\"Confidentialit\u00e9\"}]},{\"@type\":\"WebSite\",\"@id\":\"https:\\\/\\\/dressforsuccesscanadafoundation.org\\\/fr\\\/#website\",\"url\":\"https:\\\/\\\/dressforsuccesscanadafoundation.org\\\/fr\\\/\",\"name\":\"Dress for Success Canada Foundation\",\"description\":\"\",\"potentialAction\":[{\"@type\":\"SearchAction\",\"target\":{\"@type\":\"EntryPoint\",\"urlTemplate\":\"https:\\\/\\\/dressforsuccesscanadafoundation.org\\\/fr\\\/?s={search_term_string}\"},\"query-input\":{\"@type\":\"PropertyValueSpecification\",\"valueRequired\":true,\"valueName\":\"search_term_string\"}}],\"inLanguage\":\"fr-CA\"}]}<\/script>\n<!-- \/ Yoast SEO plugin. -->","yoast_head_json":{"title":"Confidentialit\u00e9 - Dress for Success Canada Foundation","robots":{"index":"index","follow":"follow","max-snippet":"max-snippet:-1","max-image-preview":"max-image-preview:large","max-video-preview":"max-video-preview:-1"},"canonical":"https:\/\/dressforsuccesscanadafoundation.org\/fr\/confidentialite\/","og_locale":"fr_CA","og_type":"article","og_title":"Confidentialit\u00e9 - Dress for Success Canada Foundation","og_url":"https:\/\/dressforsuccesscanadafoundation.org\/fr\/confidentialite\/","og_site_name":"Dress for Success Canada Foundation","article_modified_time":"2026-03-24T19:27:28+00:00","og_image":[{"width":2048,"height":1367,"url":"https:\/\/dressforsuccesscanadafoundation.org\/wp-content\/uploads\/2024\/02\/Privacy-Terms_Banner.webp","type":"image\/webp"}],"twitter_card":"summary_large_image","twitter_misc":{"Estimation du temps de lecture":"1 minute"},"schema":{"@context":"https:\/\/schema.org","@graph":[{"@type":"WebPage","@id":"https:\/\/dressforsuccesscanadafoundation.org\/fr\/confidentialite\/","url":"https:\/\/dressforsuccesscanadafoundation.org\/fr\/confidentialite\/","name":"Confidentialit\u00e9 - Dress for Success Canada Foundation","isPartOf":{"@id":"https:\/\/dressforsuccesscanadafoundation.org\/fr\/#website"},"primaryImageOfPage":{"@id":"https:\/\/dressforsuccesscanadafoundation.org\/fr\/confidentialite\/#primaryimage"},"image":{"@id":"https:\/\/dressforsuccesscanadafoundation.org\/fr\/confidentialite\/#primaryimage"},"thumbnailUrl":"https:\/\/dressforsuccesscanadafoundation.org\/wp-content\/uploads\/2024\/02\/Privacy-Terms_Banner.webp","datePublished":"2023-11-24T00:53:53+00:00","dateModified":"2026-03-24T19:27:28+00:00","breadcrumb":{"@id":"https:\/\/dressforsuccesscanadafoundation.org\/fr\/confidentialite\/#breadcrumb"},"inLanguage":"fr-CA","potentialAction":[{"@type":"ReadAction","target":["https:\/\/dressforsuccesscanadafoundation.org\/fr\/confidentialite\/"]}]},{"@type":"ImageObject","inLanguage":"fr-CA","@id":"https:\/\/dressforsuccesscanadafoundation.org\/fr\/confidentialite\/#primaryimage","url":"https:\/\/dressforsuccesscanadafoundation.org\/wp-content\/uploads\/2024\/02\/Privacy-Terms_Banner.webp","contentUrl":"https:\/\/dressforsuccesscanadafoundation.org\/wp-content\/uploads\/2024\/02\/Privacy-Terms_Banner.webp","width":2048,"height":1367},{"@type":"BreadcrumbList","@id":"https:\/\/dressforsuccesscanadafoundation.org\/fr\/confidentialite\/#breadcrumb","itemListElement":[{"@type":"ListItem","position":1,"name":"Home","item":"https:\/\/dressforsuccesscanadafoundation.org\/fr\/"},{"@type":"ListItem","position":2,"name":"Confidentialit\u00e9"}]},{"@type":"WebSite","@id":"https:\/\/dressforsuccesscanadafoundation.org\/fr\/#website","url":"https:\/\/dressforsuccesscanadafoundation.org\/fr\/","name":"Dress for Success Canada Foundation","description":"","potentialAction":[{"@type":"SearchAction","target":{"@type":"EntryPoint","urlTemplate":"https:\/\/dressforsuccesscanadafoundation.org\/fr\/?s={search_term_string}"},"query-input":{"@type":"PropertyValueSpecification","valueRequired":true,"valueName":"search_term_string"}}],"inLanguage":"fr-CA"}]}},"_links":{"self":[{"href":"https:\/\/dressforsuccesscanadafoundation.org\/fr\/wp-json\/wp\/v2\/pages\/2035","targetHints":{"allow":["GET"]}}],"collection":[{"href":"https:\/\/dressforsuccesscanadafoundation.org\/fr\/wp-json\/wp\/v2\/pages"}],"about":[{"href":"https:\/\/dressforsuccesscanadafoundation.org\/fr\/wp-json\/wp\/v2\/types\/page"}],"author":[{"embeddable":true,"href":"https:\/\/dressforsuccesscanadafoundation.org\/fr\/wp-json\/wp\/v2\/users\/1"}],"replies":[{"embeddable":true,"href":"https:\/\/dressforsuccesscanadafoundation.org\/fr\/wp-json\/wp\/v2\/comments?post=2035"}],"version-history":[{"count":0,"href":"https:\/\/dressforsuccesscanadafoundation.org\/fr\/wp-json\/wp\/v2\/pages\/2035\/revisions"}],"wp:featuredmedia":[{"embeddable":true,"href":"https:\/\/dressforsuccesscanadafoundation.org\/fr\/wp-json\/wp\/v2\/media\/2226"}],"wp:attachment":[{"href":"https:\/\/dressforsuccesscanadafoundation.org\/fr\/wp-json\/wp\/v2\/media?parent=2035"}],"curies":[{"name":"wp","href":"https:\/\/api.w.org\/{rel}","templated":true}]}}