{"id":2021,"date":"2024-01-04T11:57:22","date_gmt":"2024-01-04T16:57:22","guid":{"rendered":"https:\/\/dressforsuccesscanadafoundation.org\/rapports-dimpact-et-etats-financiers\/"},"modified":"2026-04-01T00:06:51","modified_gmt":"2026-04-01T04:06:51","slug":"rapports-dimpact-et-etats-financiers","status":"publish","type":"page","link":"https:\/\/dressforsuccesscanadafoundation.org\/fr\/rapports-dimpact-et-etats-financiers\/","title":{"rendered":"Rapports d&rsquo;impact et \u00e9tats financiers"},"content":{"rendered":"\n<section id=\"centered-content-block_6798d4ff0c0da5215d558e0d5f806d4d\"\n\t\tclass=\"orange-block centered-content-block has-bg-color-image bg-color-dark aligncenter\"\n\t> \n\t\n\t<div class=\"container\">\n\t\t<div class=\"row\">\n\t\t\t<div class=\"col-12 block-title-wrap\n                     no-block-title\">\n\n\t\t\t\t\t\t\t\t\t\t<h2 class=\"screen-reader-text\">\n\t\t\t\t\t\tContenu\t\t\t\t\t\t<\/h2>\n\t\t\t\t\t\t\n\t\t\t<\/div>\n\t\t<\/div>\n\t<\/div>\n\n\t<div class=\"container\">\n\t\t<div class=\"row\">\n\t\t\t<div class=\"col-12 col-md-10 offset-md-1 col-lg-8 offset-lg-2 content-column\">\n\t\t\t\t<div class=\"content-container\">\n\n\t\t\t\t\t<h3>D\u00e9couvrez comment nous apportons un soutien aux femmes et aux personnes non binaires qui rencontrent des obstacles pour trouver un emploi ou acc\u00e9der \u00e0 des ressources dans leur communaut\u00e9.<\/h3>\n<p>Lorsque vous soutenez Dress for Success\u00ae Fondation du Canada, vous nous permettez d&rsquo;avoir un impact positif dans la vie de nos client.e.s et de leurs familles.<\/p>\n\n\t\t\t\t<\/div>\n\t\t\t<\/div>\n\t\t<\/div>\n\n\t\t\n\t<\/div>\n<\/section>\n\n    <section id=\"link-list-block_4530212d0a59da6eb4b7360ff781ab96\"\n             class=\"orange-block link-list-block aligncenter\" >\n\n        \n        \n            <!-- Block title -->\n            <div class=\"container\">\n                <div class=\"row\">\n                    <div class=\"col block-title-wrap\">\n                                            <h2 class=\"h2 block-title\">Rapports d&#039;impact<\/h2>\n\t\t\t\t\t                                        <\/div>\n                <\/div>\n            <\/div>\n\n        \n        <!-- Block content -->\n        <div class=\"container list-group-vertical\">\n            <div class=\"row\">\n\n        \n                <!-- Single Link -->\n                <div class=\"single-link-container col-12 col-sm-6 col-md-4 col-lg-3\">\n                    <a class=\"list-group-item list-group-item-action link regular internal\"\n                       href=\"https:\/\/dressforsuccesscanadafoundation.org\/wp-content\/uploads\/2025\/07\/Getting-to-Know-Us-Infographic_2024-FINAL.pdf\"\n                       target=\"_self\">\n\n                    \n                    \n                        <div class=\"link-text\">\n\n                                                    <!-- Text -->\n                            Dress for Success Canada Foundation 2024 Impact Report\t\t\t\t\t\t\n                        <\/div>\n\n                    \n                    <\/a>\n                <\/div>\n\n            \n                <!-- Single Link -->\n                <div class=\"single-link-container col-12 col-sm-6 col-md-4 col-lg-3\">\n                    <a class=\"list-group-item list-group-item-action link regular external\"\n                       href=\"https:\/\/dressforsuccesscanadafoundation.org\/wp-content\/uploads\/2024\/11\/IMPACT-COAST-TO-COAST_2023.pdf\"\n                       target=\"_blank\">\n\n                    \n                    \n                        <div class=\"link-text\">\n\n                                                    <!-- Text -->\n                            2023 rapport d\u2019impact pour la Dress for Success Fondation du Canada\t\t\t\t\t\t\n                        <\/div>\n\n                    \n                    <\/a>\n                <\/div>\n\n            \n                <!-- Single Link -->\n                <div class=\"single-link-container col-12 col-sm-6 col-md-4 col-lg-3\">\n                    <a class=\"list-group-item list-group-item-action link regular external\"\n                       href=\"\/wp-content\/uploads\/2024\/02\/DFSCF_Impact_CoastToCoast_2022.pdf\"\n                       target=\"_blank\">\n\n                    \n                    \n                        <div class=\"link-text\">\n\n                                                    <!-- Text -->\n                            2022 rapport d\u2019impact pour la Fondation Dress for Success Canada\t\t\t\t\t\t\n                        <\/div>\n\n                    \n                    <\/a>\n                <\/div>\n\n            \n            <\/div>\n        <\/div>\n    <\/section>\n\n\n<section id=\"centered-content-block_a3b9d4fb277bdba31056c74f67f573c0\"\n\t\tclass=\"orange-block centered-content-block has-bg-color-image bg-color-secondary aligncenter\"\n\t> \n\t\n\t<div class=\"container\">\n\t\t<div class=\"row\">\n\t\t\t<div class=\"col-12 block-title-wrap\n                     no-block-title\">\n\n\t\t\t\t\t\t\t\t\t\t<h2 class=\"screen-reader-text\">\n\t\t\t\t\t\tContenu\t\t\t\t\t\t<\/h2>\n\t\t\t\t\t\t\n\t\t\t<\/div>\n\t\t<\/div>\n\t<\/div>\n\n\t<div class=\"container\">\n\t\t<div class=\"row\">\n\t\t\t<div class=\"col-12 col-md-10 offset-md-1 col-lg-8 offset-lg-2 content-column\">\n\t\t\t\t<div class=\"content-container\">\n\n\t\t\t\t\t\t\t\t\t\t\t\t<h2 class=\"h2 block-title centred-title\">\n\t\t\t\t\t\t\t\u00c9tats financiers\t\t\t\t\t\t\t<\/h2>\n\t\t\t\t\t\t\t<h4>Please visit the Canada Revenue Agency (CRA) site to view our annual Financial Reports.<\/h4>\n\n\t\t\t\t<\/div>\n\t\t\t<\/div>\n\t\t<\/div>\n\n\t\t\n        <!-- Block link -->\n        <div class=\"row\">\n            <div class=\"col-12\">\n                <div class=\"block-button-container\">\n                    <a href=\"https:\/\/apps.cra-arc.gc.ca\/ebci\/hacc\/srch\/pub\/dsplyRprtngPrd?q.srchNmFltr=dress+for+success+canada+foundation&#038;q.stts=0007&#038;selectedCharityBn=775960289RR0001&#038;dsrdPg=1\"\n                                               target=\"_blank\"\n                       aria-label=\"En savoir plus\">\n                        En savoir plus                    <\/a>\n                <\/div>\n            <\/div>\n        <\/div>\n        \n\t<\/div>\n<\/section>\n","protected":false},"excerpt":{"rendered":"","protected":false},"author":1,"featured_media":2174,"parent":0,"menu_order":16,"comment_status":"closed","ping_status":"closed","template":"","meta":{"_acf_changed":true,"footnotes":"","_links_to":"","_links_to_target":""},"class_list":["post-2021","page","type-page","status-publish","has-post-thumbnail","hentry"],"acf":[],"yoast_head":"<!-- This site is optimized with the Yoast SEO plugin v27.3 - https:\/\/yoast.com\/product\/yoast-seo-wordpress\/ -->\n<title>Rapports d&#039;impact et \u00e9tats financiers - Dress for Success Canada Foundation<\/title>\n<meta name=\"robots\" content=\"index, follow, max-snippet:-1, max-image-preview:large, max-video-preview:-1\" \/>\n<link rel=\"canonical\" href=\"https:\/\/dressforsuccesscanadafoundation.org\/fr\/rapports-dimpact-et-etats-financiers\/\" \/>\n<meta property=\"og:locale\" content=\"fr_CA\" \/>\n<meta property=\"og:type\" content=\"article\" \/>\n<meta property=\"og:title\" content=\"Rapports d&#039;impact et \u00e9tats financiers - Dress for Success Canada Foundation\" \/>\n<meta property=\"og:url\" content=\"https:\/\/dressforsuccesscanadafoundation.org\/fr\/rapports-dimpact-et-etats-financiers\/\" \/>\n<meta property=\"og:site_name\" content=\"Dress for Success Canada Foundation\" \/>\n<meta property=\"article:modified_time\" content=\"2026-04-01T04:06:51+00:00\" \/>\n<meta property=\"og:image\" content=\"https:\/\/dressforsuccesscanadafoundation.org\/wp-content\/uploads\/2024\/02\/ImpactReportsFinancialStatements_Banner.webp\" \/>\n\t<meta property=\"og:image:width\" content=\"2048\" \/>\n\t<meta property=\"og:image:height\" content=\"1367\" \/>\n\t<meta property=\"og:image:type\" content=\"image\/webp\" \/>\n<meta name=\"twitter:card\" content=\"summary_large_image\" \/>\n<meta name=\"twitter:label1\" content=\"Estimation du temps de lecture\" \/>\n\t<meta name=\"twitter:data1\" content=\"1 minute\" \/>\n<script type=\"application\/ld+json\" class=\"yoast-schema-graph\">{\"@context\":\"https:\\\/\\\/schema.org\",\"@graph\":[{\"@type\":\"WebPage\",\"@id\":\"https:\\\/\\\/dressforsuccesscanadafoundation.org\\\/fr\\\/rapports-dimpact-et-etats-financiers\\\/\",\"url\":\"https:\\\/\\\/dressforsuccesscanadafoundation.org\\\/fr\\\/rapports-dimpact-et-etats-financiers\\\/\",\"name\":\"Rapports d'impact et \u00e9tats financiers - Dress for Success Canada Foundation\",\"isPartOf\":{\"@id\":\"https:\\\/\\\/dressforsuccesscanadafoundation.org\\\/fr\\\/#website\"},\"primaryImageOfPage\":{\"@id\":\"https:\\\/\\\/dressforsuccesscanadafoundation.org\\\/fr\\\/rapports-dimpact-et-etats-financiers\\\/#primaryimage\"},\"image\":{\"@id\":\"https:\\\/\\\/dressforsuccesscanadafoundation.org\\\/fr\\\/rapports-dimpact-et-etats-financiers\\\/#primaryimage\"},\"thumbnailUrl\":\"https:\\\/\\\/dressforsuccesscanadafoundation.org\\\/wp-content\\\/uploads\\\/2024\\\/02\\\/ImpactReportsFinancialStatements_Banner.webp\",\"datePublished\":\"2024-01-04T16:57:22+00:00\",\"dateModified\":\"2026-04-01T04:06:51+00:00\",\"breadcrumb\":{\"@id\":\"https:\\\/\\\/dressforsuccesscanadafoundation.org\\\/fr\\\/rapports-dimpact-et-etats-financiers\\\/#breadcrumb\"},\"inLanguage\":\"fr-CA\",\"potentialAction\":[{\"@type\":\"ReadAction\",\"target\":[\"https:\\\/\\\/dressforsuccesscanadafoundation.org\\\/fr\\\/rapports-dimpact-et-etats-financiers\\\/\"]}]},{\"@type\":\"ImageObject\",\"inLanguage\":\"fr-CA\",\"@id\":\"https:\\\/\\\/dressforsuccesscanadafoundation.org\\\/fr\\\/rapports-dimpact-et-etats-financiers\\\/#primaryimage\",\"url\":\"https:\\\/\\\/dressforsuccesscanadafoundation.org\\\/wp-content\\\/uploads\\\/2024\\\/02\\\/ImpactReportsFinancialStatements_Banner.webp\",\"contentUrl\":\"https:\\\/\\\/dressforsuccesscanadafoundation.org\\\/wp-content\\\/uploads\\\/2024\\\/02\\\/ImpactReportsFinancialStatements_Banner.webp\",\"width\":2048,\"height\":1367},{\"@type\":\"BreadcrumbList\",\"@id\":\"https:\\\/\\\/dressforsuccesscanadafoundation.org\\\/fr\\\/rapports-dimpact-et-etats-financiers\\\/#breadcrumb\",\"itemListElement\":[{\"@type\":\"ListItem\",\"position\":1,\"name\":\"Home\",\"item\":\"https:\\\/\\\/dressforsuccesscanadafoundation.org\\\/fr\\\/\"},{\"@type\":\"ListItem\",\"position\":2,\"name\":\"Rapports d&#8217;impact et \u00e9tats financiers\"}]},{\"@type\":\"WebSite\",\"@id\":\"https:\\\/\\\/dressforsuccesscanadafoundation.org\\\/fr\\\/#website\",\"url\":\"https:\\\/\\\/dressforsuccesscanadafoundation.org\\\/fr\\\/\",\"name\":\"Dress for Success Canada Foundation\",\"description\":\"\",\"potentialAction\":[{\"@type\":\"SearchAction\",\"target\":{\"@type\":\"EntryPoint\",\"urlTemplate\":\"https:\\\/\\\/dressforsuccesscanadafoundation.org\\\/fr\\\/?s={search_term_string}\"},\"query-input\":{\"@type\":\"PropertyValueSpecification\",\"valueRequired\":true,\"valueName\":\"search_term_string\"}}],\"inLanguage\":\"fr-CA\"}]}<\/script>\n<!-- \/ Yoast SEO plugin. -->","yoast_head_json":{"title":"Rapports d'impact et \u00e9tats financiers - Dress for Success Canada Foundation","robots":{"index":"index","follow":"follow","max-snippet":"max-snippet:-1","max-image-preview":"max-image-preview:large","max-video-preview":"max-video-preview:-1"},"canonical":"https:\/\/dressforsuccesscanadafoundation.org\/fr\/rapports-dimpact-et-etats-financiers\/","og_locale":"fr_CA","og_type":"article","og_title":"Rapports d'impact et \u00e9tats financiers - Dress for Success Canada Foundation","og_url":"https:\/\/dressforsuccesscanadafoundation.org\/fr\/rapports-dimpact-et-etats-financiers\/","og_site_name":"Dress for Success Canada Foundation","article_modified_time":"2026-04-01T04:06:51+00:00","og_image":[{"width":2048,"height":1367,"url":"https:\/\/dressforsuccesscanadafoundation.org\/wp-content\/uploads\/2024\/02\/ImpactReportsFinancialStatements_Banner.webp","type":"image\/webp"}],"twitter_card":"summary_large_image","twitter_misc":{"Estimation du temps de lecture":"1 minute"},"schema":{"@context":"https:\/\/schema.org","@graph":[{"@type":"WebPage","@id":"https:\/\/dressforsuccesscanadafoundation.org\/fr\/rapports-dimpact-et-etats-financiers\/","url":"https:\/\/dressforsuccesscanadafoundation.org\/fr\/rapports-dimpact-et-etats-financiers\/","name":"Rapports d'impact et \u00e9tats financiers - Dress for Success Canada Foundation","isPartOf":{"@id":"https:\/\/dressforsuccesscanadafoundation.org\/fr\/#website"},"primaryImageOfPage":{"@id":"https:\/\/dressforsuccesscanadafoundation.org\/fr\/rapports-dimpact-et-etats-financiers\/#primaryimage"},"image":{"@id":"https:\/\/dressforsuccesscanadafoundation.org\/fr\/rapports-dimpact-et-etats-financiers\/#primaryimage"},"thumbnailUrl":"https:\/\/dressforsuccesscanadafoundation.org\/wp-content\/uploads\/2024\/02\/ImpactReportsFinancialStatements_Banner.webp","datePublished":"2024-01-04T16:57:22+00:00","dateModified":"2026-04-01T04:06:51+00:00","breadcrumb":{"@id":"https:\/\/dressforsuccesscanadafoundation.org\/fr\/rapports-dimpact-et-etats-financiers\/#breadcrumb"},"inLanguage":"fr-CA","potentialAction":[{"@type":"ReadAction","target":["https:\/\/dressforsuccesscanadafoundation.org\/fr\/rapports-dimpact-et-etats-financiers\/"]}]},{"@type":"ImageObject","inLanguage":"fr-CA","@id":"https:\/\/dressforsuccesscanadafoundation.org\/fr\/rapports-dimpact-et-etats-financiers\/#primaryimage","url":"https:\/\/dressforsuccesscanadafoundation.org\/wp-content\/uploads\/2024\/02\/ImpactReportsFinancialStatements_Banner.webp","contentUrl":"https:\/\/dressforsuccesscanadafoundation.org\/wp-content\/uploads\/2024\/02\/ImpactReportsFinancialStatements_Banner.webp","width":2048,"height":1367},{"@type":"BreadcrumbList","@id":"https:\/\/dressforsuccesscanadafoundation.org\/fr\/rapports-dimpact-et-etats-financiers\/#breadcrumb","itemListElement":[{"@type":"ListItem","position":1,"name":"Home","item":"https:\/\/dressforsuccesscanadafoundation.org\/fr\/"},{"@type":"ListItem","position":2,"name":"Rapports d&#8217;impact et \u00e9tats financiers"}]},{"@type":"WebSite","@id":"https:\/\/dressforsuccesscanadafoundation.org\/fr\/#website","url":"https:\/\/dressforsuccesscanadafoundation.org\/fr\/","name":"Dress for Success Canada Foundation","description":"","potentialAction":[{"@type":"SearchAction","target":{"@type":"EntryPoint","urlTemplate":"https:\/\/dressforsuccesscanadafoundation.org\/fr\/?s={search_term_string}"},"query-input":{"@type":"PropertyValueSpecification","valueRequired":true,"valueName":"search_term_string"}}],"inLanguage":"fr-CA"}]}},"_links":{"self":[{"href":"https:\/\/dressforsuccesscanadafoundation.org\/fr\/wp-json\/wp\/v2\/pages\/2021","targetHints":{"allow":["GET"]}}],"collection":[{"href":"https:\/\/dressforsuccesscanadafoundation.org\/fr\/wp-json\/wp\/v2\/pages"}],"about":[{"href":"https:\/\/dressforsuccesscanadafoundation.org\/fr\/wp-json\/wp\/v2\/types\/page"}],"author":[{"embeddable":true,"href":"https:\/\/dressforsuccesscanadafoundation.org\/fr\/wp-json\/wp\/v2\/users\/1"}],"replies":[{"embeddable":true,"href":"https:\/\/dressforsuccesscanadafoundation.org\/fr\/wp-json\/wp\/v2\/comments?post=2021"}],"version-history":[{"count":0,"href":"https:\/\/dressforsuccesscanadafoundation.org\/fr\/wp-json\/wp\/v2\/pages\/2021\/revisions"}],"wp:featuredmedia":[{"embeddable":true,"href":"https:\/\/dressforsuccesscanadafoundation.org\/fr\/wp-json\/wp\/v2\/media\/2174"}],"wp:attachment":[{"href":"https:\/\/dressforsuccesscanadafoundation.org\/fr\/wp-json\/wp\/v2\/media?parent=2021"}],"curies":[{"name":"wp","href":"https:\/\/api.w.org\/{rel}","templated":true}]}}